{"id":1248,"date":"2025-07-17T02:24:23","date_gmt":"2025-07-17T02:24:23","guid":{"rendered":"https:\/\/grupomrl.com.mx\/2025\/?page_id=1248"},"modified":"2025-08-18T21:40:29","modified_gmt":"2025-08-18T21:40:29","slug":"baldemar_nosotros","status":"publish","type":"page","link":"https:\/\/grupomrl.com.mx\/2025\/baldemar_nosotros\/","title":{"rendered":"NOSOTROS"},"content":{"rendered":"\t\t<div data-elementor-type=\"wp-page\" data-elementor-id=\"1248\" class=\"elementor elementor-1248\">\n\t\t\t\t<div class=\"elementor-element elementor-element-2c56713 e-con-full e-flex e-con e-parent\" data-id=\"2c56713\" data-element_type=\"container\" data-settings=\"{&quot;background_background&quot;:&quot;classic&quot;}\">\n\t\t\t\t<div class=\"elementor-element elementor-element-4e9fe6e elementor-widget elementor-widget-spacer\" data-id=\"4e9fe6e\" data-element_type=\"widget\" data-widget_type=\"spacer.default\">\n\t\t\t\t<div class=\"elementor-widget-container\">\n\t\t\t\t\t\t\t<div class=\"elementor-spacer\">\n\t\t\t<div class=\"elementor-spacer-inner\"><\/div>\n\t\t<\/div>\n\t\t\t\t\t\t<\/div>\n\t\t\t\t<\/div>\n\t\t\t\t<\/div>\n\t\t<div class=\"elementor-element elementor-element-25ba19e e-con-full e-flex e-con e-parent\" data-id=\"25ba19e\" data-element_type=\"container\" data-settings=\"{&quot;background_background&quot;:&quot;classic&quot;}\">\n\t\t\t\t<div class=\"elementor-element elementor-element-d9439c8 elementor-widget elementor-widget-heading\" data-id=\"d9439c8\" data-element_type=\"widget\" data-widget_type=\"heading.default\">\n\t\t\t\t<div class=\"elementor-widget-container\">\n\t\t\t\t\t<h2 class=\"elementor-heading-title elementor-size-default\">FISH HOUSE<\/h2>\t\t\t\t<\/div>\n\t\t\t\t<\/div>\n\t\t\t\t<\/div>\n\t\t<div class=\"elementor-element elementor-element-9e00a18 e-con-full e-flex e-con e-parent\" data-id=\"9e00a18\" data-element_type=\"container\" data-settings=\"{&quot;background_background&quot;:&quot;classic&quot;}\">\n\t\t\t\t<div class=\"elementor-element elementor-element-3913dbf elementor-widget elementor-widget-heading\" data-id=\"3913dbf\" data-element_type=\"widget\" data-widget_type=\"heading.default\">\n\t\t\t\t<div class=\"elementor-widget-container\">\n\t\t\t\t\t<h2 class=\"elementor-heading-title elementor-size-default\">en baldemar amamos el mar, el fuego y la buena compa\u00f1\u00eda.<\/h2>\t\t\t\t<\/div>\n\t\t\t\t<\/div>\n\t\t\t\t<\/div>\n\t\t<div class=\"elementor-element elementor-element-bc6f9d6 e-flex e-con-boxed e-con e-parent\" data-id=\"bc6f9d6\" data-element_type=\"container\" data-settings=\"{&quot;background_background&quot;:&quot;classic&quot;}\">\n\t\t\t\t\t<div class=\"e-con-inner\">\n\t\t\t\t<div class=\"elementor-element elementor-element-4428326 elementor-widget elementor-widget-heading\" data-id=\"4428326\" data-element_type=\"widget\" data-widget_type=\"heading.default\">\n\t\t\t\t<div class=\"elementor-widget-container\">\n\t\t\t\t\t<h2 class=\"elementor-heading-title elementor-size-default\">Nuestra cocina est\u00e1 inspirada en la frescura<br>del marisco y el sabor profundo de las brasas.<br>No nos gustan las complicaciones: aqu\u00ed se viene<br>a comer bien, a tomar mejor y a disfrutar sin prisas.<\/h2>\t\t\t\t<\/div>\n\t\t\t\t<\/div>\n\t\t\t\t\t<\/div>\n\t\t\t\t<\/div>\n\t\t<div class=\"elementor-element elementor-element-a8cf660 e-con-full e-flex e-con e-parent\" data-id=\"a8cf660\" data-element_type=\"container\" data-settings=\"{&quot;background_background&quot;:&quot;classic&quot;}\">\n\t\t\t\t<div class=\"elementor-element elementor-element-4b5f13b elementor-widget elementor-widget-image\" data-id=\"4b5f13b\" data-element_type=\"widget\" data-widget_type=\"image.default\">\n\t\t\t\t<div class=\"elementor-widget-container\">\n\t\t\t\t\t\t\t\t\t\t\t\t\t\t\t<img fetchpriority=\"high\" decoding=\"async\" width=\"1024\" height=\"499\" src=\"https:\/\/grupomrl.com.mx\/2025\/wp-content\/uploads\/2025\/07\/Captura-de-pantalla-2025-07-16-a-las-8.33.38-p.m-1024x499.png\" class=\"attachment-large size-large wp-image-1256\" alt=\"\" srcset=\"https:\/\/grupomrl.com.mx\/2025\/wp-content\/uploads\/2025\/07\/Captura-de-pantalla-2025-07-16-a-las-8.33.38-p.m-1024x499.png 1024w, https:\/\/grupomrl.com.mx\/2025\/wp-content\/uploads\/2025\/07\/Captura-de-pantalla-2025-07-16-a-las-8.33.38-p.m-300x146.png 300w, https:\/\/grupomrl.com.mx\/2025\/wp-content\/uploads\/2025\/07\/Captura-de-pantalla-2025-07-16-a-las-8.33.38-p.m-768x374.png 768w, https:\/\/grupomrl.com.mx\/2025\/wp-content\/uploads\/2025\/07\/Captura-de-pantalla-2025-07-16-a-las-8.33.38-p.m.png 1200w\" sizes=\"(max-width: 1024px) 100vw, 1024px\" \/>\t\t\t\t\t\t\t\t\t\t\t\t\t\t\t<\/div>\n\t\t\t\t<\/div>\n\t\t\t\t<\/div>\n\t\t<div class=\"elementor-element elementor-element-951cab3 e-flex e-con-boxed e-con e-parent\" data-id=\"951cab3\" data-element_type=\"container\" data-settings=\"{&quot;background_background&quot;:&quot;classic&quot;}\">\n\t\t\t\t\t<div class=\"e-con-inner\">\n\t\t\t\t<div class=\"elementor-element elementor-element-a935805 elementor-widget elementor-widget-image\" data-id=\"a935805\" data-element_type=\"widget\" data-widget_type=\"image.default\">\n\t\t\t\t<div class=\"elementor-widget-container\">\n\t\t\t\t\t\t\t\t\t\t\t\t\t\t\t<img decoding=\"async\" width=\"2556\" height=\"1007\" src=\"https:\/\/grupomrl.com.mx\/2025\/wp-content\/uploads\/2025\/08\/Recurso-4-1-1-scaled-e1755553211879.webp\" class=\"attachment-full size-full wp-image-2346\" alt=\"\" srcset=\"https:\/\/grupomrl.com.mx\/2025\/wp-content\/uploads\/2025\/08\/Recurso-4-1-1-scaled-e1755553211879.webp 2556w, https:\/\/grupomrl.com.mx\/2025\/wp-content\/uploads\/2025\/08\/Recurso-4-1-1-scaled-e1755553211879-300x118.webp 300w, https:\/\/grupomrl.com.mx\/2025\/wp-content\/uploads\/2025\/08\/Recurso-4-1-1-scaled-e1755553211879-1024x403.webp 1024w, https:\/\/grupomrl.com.mx\/2025\/wp-content\/uploads\/2025\/08\/Recurso-4-1-1-scaled-e1755553211879-768x303.webp 768w, https:\/\/grupomrl.com.mx\/2025\/wp-content\/uploads\/2025\/08\/Recurso-4-1-1-scaled-e1755553211879-1536x605.webp 1536w, https:\/\/grupomrl.com.mx\/2025\/wp-content\/uploads\/2025\/08\/Recurso-4-1-1-scaled-e1755553211879-2048x807.webp 2048w\" sizes=\"(max-width: 2556px) 100vw, 2556px\" \/>\t\t\t\t\t\t\t\t\t\t\t\t\t\t\t<\/div>\n\t\t\t\t<\/div>\n\t\t\t\t\t<\/div>\n\t\t\t\t<\/div>\n\t\t<div class=\"elementor-element elementor-element-738f191 e-con-full e-flex e-con e-parent\" data-id=\"738f191\" data-element_type=\"container\" data-settings=\"{&quot;background_background&quot;:&quot;classic&quot;}\">\n\t\t\t\t<div class=\"elementor-element elementor-element-c0e7459 elementor-widget elementor-widget-image\" data-id=\"c0e7459\" data-element_type=\"widget\" data-widget_type=\"image.default\">\n\t\t\t\t<div class=\"elementor-widget-container\">\n\t\t\t\t\t\t\t\t\t\t\t\t\t\t\t\t<a href=\"http:\/\/bit.ly\/3ZBlmt1\">\n\t\t\t\t\t\t\t<img decoding=\"async\" width=\"1024\" height=\"311\" src=\"https:\/\/grupomrl.com.mx\/2025\/wp-content\/uploads\/2025\/07\/Captura-de-pantalla-2025-07-16-a-las-8.34.57-p.m-1024x311.png\" class=\"attachment-large size-large wp-image-1254\" alt=\"\" srcset=\"https:\/\/grupomrl.com.mx\/2025\/wp-content\/uploads\/2025\/07\/Captura-de-pantalla-2025-07-16-a-las-8.34.57-p.m-1024x311.png 1024w, https:\/\/grupomrl.com.mx\/2025\/wp-content\/uploads\/2025\/07\/Captura-de-pantalla-2025-07-16-a-las-8.34.57-p.m-300x91.png 300w, https:\/\/grupomrl.com.mx\/2025\/wp-content\/uploads\/2025\/07\/Captura-de-pantalla-2025-07-16-a-las-8.34.57-p.m-768x233.png 768w, https:\/\/grupomrl.com.mx\/2025\/wp-content\/uploads\/2025\/07\/Captura-de-pantalla-2025-07-16-a-las-8.34.57-p.m.png 1200w\" sizes=\"(max-width: 1024px) 100vw, 1024px\" \/>\t\t\t\t\t\t\t\t<\/a>\n\t\t\t\t\t\t\t\t\t\t\t\t\t\t\t<\/div>\n\t\t\t\t<\/div>\n\t\t\t\t<\/div>\n\t\t<div class=\"elementor-element elementor-element-d3d5eba e-flex e-con-boxed e-con e-parent\" data-id=\"d3d5eba\" data-element_type=\"container\" data-settings=\"{&quot;background_background&quot;:&quot;classic&quot;}\">\n\t\t\t\t\t<div class=\"e-con-inner\">\n\t\t\t\t<div class=\"elementor-element elementor-element-56b3290 elementor-widget elementor-widget-spacer\" data-id=\"56b3290\" data-element_type=\"widget\" data-widget_type=\"spacer.default\">\n\t\t\t\t<div class=\"elementor-widget-container\">\n\t\t\t\t\t\t\t<div class=\"elementor-spacer\">\n\t\t\t<div class=\"elementor-spacer-inner\"><\/div>\n\t\t<\/div>\n\t\t\t\t\t\t<\/div>\n\t\t\t\t<\/div>\n\t\t\t\t\t<\/div>\n\t\t\t\t<\/div>\n\t\t\t\t<\/div>\n\t\t","protected":false},"excerpt":{"rendered":"<p>FISH HOUSE en baldemar amamos el mar, el fuego y la buena compa\u00f1\u00eda. Nuestra cocina est\u00e1 inspirada en la frescuradel [&hellip;]<\/p>\n","protected":false},"author":1,"featured_media":0,"parent":0,"menu_order":0,"comment_status":"closed","ping_status":"closed","template":"elementor_header_footer","meta":{"site-sidebar-layout":"no-sidebar","site-content-layout":"","ast-site-content-layout":"full-width-container","site-content-style":"default","site-sidebar-style":"default","ast-global-header-display":"","ast-banner-title-visibility":"","ast-main-header-display":"","ast-hfb-above-header-display":"","ast-hfb-below-header-display":"","ast-hfb-mobile-header-display":"","site-post-title":"disabled","ast-breadcrumbs-content":"","ast-featured-img":"","footer-sml-layout":"","theme-transparent-header-meta":"default","adv-header-id-meta":"","stick-header-meta":"","header-above-stick-meta":"","header-main-stick-meta":"","header-below-stick-meta":"","astra-migrate-meta-layouts":"set","ast-page-background-enabled":"default","ast-page-background-meta":{"desktop":{"background-color":"var(--ast-global-color-5)","background-image":"","background-repeat":"repeat","background-position":"center center","background-size":"auto","background-attachment":"scroll","background-type":"","background-media":"","overlay-type":"","overlay-color":"","overlay-opacity":"","overlay-gradient":""},"tablet":{"background-color":"","background-image":"","background-repeat":"repeat","background-position":"center center","background-size":"auto","background-attachment":"scroll","background-type":"","background-media":"","overlay-type":"","overlay-color":"","overlay-opacity":"","overlay-gradient":""},"mobile":{"background-color":"","background-image":"","background-repeat":"repeat","background-position":"center center","background-size":"auto","background-attachment":"scroll","background-type":"","background-media":"","overlay-type":"","overlay-color":"","overlay-opacity":"","overlay-gradient":""}},"ast-content-background-meta":{"desktop":{"background-color":"var(--ast-global-color-4)","background-image":"","background-repeat":"repeat","background-position":"center center","background-size":"auto","background-attachment":"scroll","background-type":"","background-media":"","overlay-type":"","overlay-color":"","overlay-opacity":"","overlay-gradient":""},"tablet":{"background-color":"var(--ast-global-color-4)","background-image":"","background-repeat":"repeat","background-position":"center center","background-size":"auto","background-attachment":"scroll","background-type":"","background-media":"","overlay-type":"","overlay-color":"","overlay-opacity":"","overlay-gradient":""},"mobile":{"background-color":"var(--ast-global-color-4)","background-image":"","background-repeat":"repeat","background-position":"center center","background-size":"auto","background-attachment":"scroll","background-type":"","background-media":"","overlay-type":"","overlay-color":"","overlay-opacity":"","overlay-gradient":""}},"footnotes":""},"folder":[12],"class_list":["post-1248","page","type-page","status-publish","hentry"],"_links":{"self":[{"href":"https:\/\/grupomrl.com.mx\/2025\/wp-json\/wp\/v2\/pages\/1248","targetHints":{"allow":["GET"]}}],"collection":[{"href":"https:\/\/grupomrl.com.mx\/2025\/wp-json\/wp\/v2\/pages"}],"about":[{"href":"https:\/\/grupomrl.com.mx\/2025\/wp-json\/wp\/v2\/types\/page"}],"author":[{"embeddable":true,"href":"https:\/\/grupomrl.com.mx\/2025\/wp-json\/wp\/v2\/users\/1"}],"replies":[{"embeddable":true,"href":"https:\/\/grupomrl.com.mx\/2025\/wp-json\/wp\/v2\/comments?post=1248"}],"version-history":[{"count":35,"href":"https:\/\/grupomrl.com.mx\/2025\/wp-json\/wp\/v2\/pages\/1248\/revisions"}],"predecessor-version":[{"id":2349,"href":"https:\/\/grupomrl.com.mx\/2025\/wp-json\/wp\/v2\/pages\/1248\/revisions\/2349"}],"wp:attachment":[{"href":"https:\/\/grupomrl.com.mx\/2025\/wp-json\/wp\/v2\/media?parent=1248"}],"wp:term":[{"taxonomy":"folder","embeddable":true,"href":"https:\/\/grupomrl.com.mx\/2025\/wp-json\/wp\/v2\/folder?post=1248"}],"curies":[{"name":"wp","href":"https:\/\/api.w.org\/{rel}","templated":true}]}}