{"id":1296,"date":"2025-07-17T02:57:08","date_gmt":"2025-07-17T02:57:08","guid":{"rendered":"https:\/\/grupomrl.com.mx\/2025\/?page_id=1296"},"modified":"2025-08-25T05:59:26","modified_gmt":"2025-08-25T05:59:26","slug":"baldemar_ubicacion","status":"publish","type":"page","link":"https:\/\/grupomrl.com.mx\/2025\/baldemar_ubicacion\/","title":{"rendered":"UBICACI\u00d3N"},"content":{"rendered":"\t\t<div data-elementor-type=\"wp-page\" data-elementor-id=\"1296\" class=\"elementor elementor-1296\">\n\t\t\t\t<div class=\"elementor-element elementor-element-ff0412e e-con-full e-flex e-con e-parent\" data-id=\"ff0412e\" data-element_type=\"container\" data-settings=\"{&quot;background_background&quot;:&quot;classic&quot;}\">\n\t\t\t\t<div class=\"elementor-element elementor-element-1ff8beb elementor-widget elementor-widget-image\" data-id=\"1ff8beb\" data-element_type=\"widget\" data-widget_type=\"image.default\">\n\t\t\t\t<div class=\"elementor-widget-container\">\n\t\t\t\t\t\t\t\t\t\t\t\t\t\t\t<img fetchpriority=\"high\" decoding=\"async\" width=\"1024\" height=\"424\" src=\"https:\/\/grupomrl.com.mx\/2025\/wp-content\/uploads\/2025\/08\/Recurso-1-1-2-1024x424.webp\" class=\"attachment-large size-large wp-image-2535\" alt=\"\" srcset=\"https:\/\/grupomrl.com.mx\/2025\/wp-content\/uploads\/2025\/08\/Recurso-1-1-2-1024x424.webp 1024w, https:\/\/grupomrl.com.mx\/2025\/wp-content\/uploads\/2025\/08\/Recurso-1-1-2-300x124.webp 300w, https:\/\/grupomrl.com.mx\/2025\/wp-content\/uploads\/2025\/08\/Recurso-1-1-2-768x318.webp 768w, https:\/\/grupomrl.com.mx\/2025\/wp-content\/uploads\/2025\/08\/Recurso-1-1-2-1536x636.webp 1536w, https:\/\/grupomrl.com.mx\/2025\/wp-content\/uploads\/2025\/08\/Recurso-1-1-2-2048x848.webp 2048w\" sizes=\"(max-width: 1024px) 100vw, 1024px\" \/>\t\t\t\t\t\t\t\t\t\t\t\t\t\t\t<\/div>\n\t\t\t\t<\/div>\n\t\t\t\t<\/div>\n\t\t<div class=\"elementor-element elementor-element-2ec368c e-flex e-con-boxed e-con e-parent\" data-id=\"2ec368c\" data-element_type=\"container\" data-settings=\"{&quot;background_background&quot;:&quot;classic&quot;}\">\n\t\t\t\t\t<div class=\"e-con-inner\">\n\t\t\t\t<div class=\"elementor-element elementor-element-0ac406e elementor-widget elementor-widget-spacer\" data-id=\"0ac406e\" data-element_type=\"widget\" data-widget_type=\"spacer.default\">\n\t\t\t\t<div class=\"elementor-widget-container\">\n\t\t\t\t\t\t\t<div class=\"elementor-spacer\">\n\t\t\t<div class=\"elementor-spacer-inner\"><\/div>\n\t\t<\/div>\n\t\t\t\t\t\t<\/div>\n\t\t\t\t<\/div>\n\t\t\t\t\t<\/div>\n\t\t\t\t<\/div>\n\t\t<div class=\"elementor-element elementor-element-a62f7db e-con-full e-flex e-con e-parent\" data-id=\"a62f7db\" data-element_type=\"container\" data-settings=\"{&quot;background_background&quot;:&quot;classic&quot;}\">\n\t\t\t\t<div class=\"elementor-element elementor-element-7f2337e elementor-widget elementor-widget-heading\" data-id=\"7f2337e\" data-element_type=\"widget\" data-widget_type=\"heading.default\">\n\t\t\t\t<div class=\"elementor-widget-container\">\n\t\t\t\t\t<h2 class=\"elementor-heading-title elementor-size-default\">Direcci\u00f3n:<\/h2>\t\t\t\t<\/div>\n\t\t\t\t<\/div>\n\t\t\t\t<\/div>\n\t\t<div class=\"elementor-element elementor-element-64c6ecb e-con-full e-flex e-con e-parent\" data-id=\"64c6ecb\" data-element_type=\"container\" data-settings=\"{&quot;background_background&quot;:&quot;classic&quot;}\">\n\t\t\t\t<div class=\"elementor-element elementor-element-82a37af elementor-widget elementor-widget-heading\" data-id=\"82a37af\" data-element_type=\"widget\" data-widget_type=\"heading.default\">\n\t\t\t\t<div class=\"elementor-widget-container\">\n\t\t\t\t\t<h2 class=\"elementor-heading-title elementor-size-default\">Av. Venezuela 175B, Las Am\u00e9ricas, Morelia, Mich.<br><\/h2>\t\t\t\t<\/div>\n\t\t\t\t<\/div>\n\t\t\t\t<\/div>\n\t\t<div class=\"elementor-element elementor-element-0e98482 e-con-full e-flex e-con e-parent\" data-id=\"0e98482\" data-element_type=\"container\" data-settings=\"{&quot;background_background&quot;:&quot;classic&quot;}\">\n\t\t\t\t<div class=\"elementor-element elementor-element-1431445 elementor-widget elementor-widget-heading\" data-id=\"1431445\" data-element_type=\"widget\" data-widget_type=\"heading.default\">\n\t\t\t\t<div class=\"elementor-widget-container\">\n\t\t\t\t\t<h2 class=\"elementor-heading-title elementor-size-default\">Tel\u00e9fono:<\/h2>\t\t\t\t<\/div>\n\t\t\t\t<\/div>\n\t\t\t\t<\/div>\n\t\t<div class=\"elementor-element elementor-element-c510402 e-con-full e-flex e-con e-parent\" data-id=\"c510402\" data-element_type=\"container\" data-settings=\"{&quot;background_background&quot;:&quot;classic&quot;}\">\n\t\t\t\t<div class=\"elementor-element elementor-element-5a4d01f elementor-widget elementor-widget-heading\" data-id=\"5a4d01f\" data-element_type=\"widget\" data-widget_type=\"heading.default\">\n\t\t\t\t<div class=\"elementor-widget-container\">\n\t\t\t\t\t<h2 class=\"elementor-heading-title elementor-size-default\">(443) 398 2742<br><\/h2>\t\t\t\t<\/div>\n\t\t\t\t<\/div>\n\t\t\t\t<\/div>\n\t\t<div class=\"elementor-element elementor-element-ac083ab e-con-full e-flex e-con e-parent\" data-id=\"ac083ab\" data-element_type=\"container\" data-settings=\"{&quot;background_background&quot;:&quot;classic&quot;}\">\n\t\t\t\t<div class=\"elementor-element elementor-element-636b465 elementor-widget elementor-widget-heading\" data-id=\"636b465\" data-element_type=\"widget\" data-widget_type=\"heading.default\">\n\t\t\t\t<div class=\"elementor-widget-container\">\n\t\t\t\t\t<h2 class=\"elementor-heading-title elementor-size-default\">Horarios:<\/h2>\t\t\t\t<\/div>\n\t\t\t\t<\/div>\n\t\t\t\t<\/div>\n\t\t<div class=\"elementor-element elementor-element-2542308 e-con-full e-flex e-con e-parent\" data-id=\"2542308\" data-element_type=\"container\" data-settings=\"{&quot;background_background&quot;:&quot;classic&quot;}\">\n\t\t\t\t<div class=\"elementor-element elementor-element-da9a86e elementor-widget elementor-widget-heading\" data-id=\"da9a86e\" data-element_type=\"widget\" data-widget_type=\"heading.default\">\n\t\t\t\t<div class=\"elementor-widget-container\">\n\t\t\t\t\t<h2 class=\"elementor-heading-title elementor-size-default\">Lunes a s\u00e1bado: 1:30 pm \u2013 1:30 am<\/h2>\t\t\t\t<\/div>\n\t\t\t\t<\/div>\n\t\t\t\t<\/div>\n\t\t<div class=\"elementor-element elementor-element-923f518 e-con-full e-flex e-con e-parent\" data-id=\"923f518\" data-element_type=\"container\" data-settings=\"{&quot;background_background&quot;:&quot;classic&quot;}\">\n\t\t\t\t<div class=\"elementor-element elementor-element-7a182a9 elementor-widget elementor-widget-heading\" data-id=\"7a182a9\" data-element_type=\"widget\" data-widget_type=\"heading.default\">\n\t\t\t\t<div class=\"elementor-widget-container\">\n\t\t\t\t\t<h2 class=\"elementor-heading-title elementor-size-default\">Domingo: 1:30 pm \u2013 7:00 pm<br><\/h2>\t\t\t\t<\/div>\n\t\t\t\t<\/div>\n\t\t\t\t<\/div>\n\t\t<div class=\"elementor-element elementor-element-b22d297 e-con-full e-flex e-con e-parent\" data-id=\"b22d297\" data-element_type=\"container\" data-settings=\"{&quot;background_background&quot;:&quot;classic&quot;}\">\n\t\t\t\t<div class=\"elementor-element elementor-element-3da416e elementor-widget elementor-widget-image\" data-id=\"3da416e\" data-element_type=\"widget\" data-widget_type=\"image.default\">\n\t\t\t\t<div class=\"elementor-widget-container\">\n\t\t\t\t\t\t\t\t\t\t\t\t\t\t\t\t<a href=\"https:\/\/maps.app.goo.gl\/o5njPdFevbhycPju6\">\n\t\t\t\t\t\t\t<img decoding=\"async\" width=\"1024\" height=\"271\" src=\"https:\/\/grupomrl.com.mx\/2025\/wp-content\/uploads\/2025\/07\/Captura-de-pantalla-2025-07-16-a-las-9.03.31-p.m-1024x271.png\" class=\"attachment-large size-large wp-image-1306\" alt=\"\" srcset=\"https:\/\/grupomrl.com.mx\/2025\/wp-content\/uploads\/2025\/07\/Captura-de-pantalla-2025-07-16-a-las-9.03.31-p.m-1024x271.png 1024w, https:\/\/grupomrl.com.mx\/2025\/wp-content\/uploads\/2025\/07\/Captura-de-pantalla-2025-07-16-a-las-9.03.31-p.m-300x80.png 300w, https:\/\/grupomrl.com.mx\/2025\/wp-content\/uploads\/2025\/07\/Captura-de-pantalla-2025-07-16-a-las-9.03.31-p.m-768x204.png 768w, https:\/\/grupomrl.com.mx\/2025\/wp-content\/uploads\/2025\/07\/Captura-de-pantalla-2025-07-16-a-las-9.03.31-p.m.png 1200w\" sizes=\"(max-width: 1024px) 100vw, 1024px\" \/>\t\t\t\t\t\t\t\t<\/a>\n\t\t\t\t\t\t\t\t\t\t\t\t\t\t\t<\/div>\n\t\t\t\t<\/div>\n\t\t\t\t<\/div>\n\t\t<div class=\"elementor-element elementor-element-73dad60 e-flex e-con-boxed e-con e-parent\" data-id=\"73dad60\" data-element_type=\"container\" data-settings=\"{&quot;background_background&quot;:&quot;classic&quot;}\">\n\t\t\t\t\t<div class=\"e-con-inner\">\n\t\t\t\t<div class=\"elementor-element elementor-element-d79f9cb elementor-widget elementor-widget-spacer\" data-id=\"d79f9cb\" data-element_type=\"widget\" data-widget_type=\"spacer.default\">\n\t\t\t\t<div class=\"elementor-widget-container\">\n\t\t\t\t\t\t\t<div class=\"elementor-spacer\">\n\t\t\t<div class=\"elementor-spacer-inner\"><\/div>\n\t\t<\/div>\n\t\t\t\t\t\t<\/div>\n\t\t\t\t<\/div>\n\t\t\t\t\t<\/div>\n\t\t\t\t<\/div>\n\t\t\t\t<\/div>\n\t\t","protected":false},"excerpt":{"rendered":"<p>Direcci\u00f3n: Av. Venezuela 175B, Las Am\u00e9ricas, Morelia, Mich. Tel\u00e9fono: (443) 398 2742 Horarios: Lunes a s\u00e1bado: 1:30 pm \u2013 1:30 [&hellip;]<\/p>\n","protected":false},"author":1,"featured_media":0,"parent":0,"menu_order":0,"comment_status":"closed","ping_status":"closed","template":"elementor_header_footer","meta":{"site-sidebar-layout":"no-sidebar","site-content-layout":"","ast-site-content-layout":"full-width-container","site-content-style":"default","site-sidebar-style":"default","ast-global-header-display":"","ast-banner-title-visibility":"","ast-main-header-display":"","ast-hfb-above-header-display":"","ast-hfb-below-header-display":"","ast-hfb-mobile-header-display":"","site-post-title":"disabled","ast-breadcrumbs-content":"","ast-featured-img":"","footer-sml-layout":"","theme-transparent-header-meta":"default","adv-header-id-meta":"","stick-header-meta":"","header-above-stick-meta":"","header-main-stick-meta":"","header-below-stick-meta":"","astra-migrate-meta-layouts":"set","ast-page-background-enabled":"default","ast-page-background-meta":{"desktop":{"background-color":"var(--ast-global-color-5)","background-image":"","background-repeat":"repeat","background-position":"center center","background-size":"auto","background-attachment":"scroll","background-type":"","background-media":"","overlay-type":"","overlay-color":"","overlay-opacity":"","overlay-gradient":""},"tablet":{"background-color":"","background-image":"","background-repeat":"repeat","background-position":"center center","background-size":"auto","background-attachment":"scroll","background-type":"","background-media":"","overlay-type":"","overlay-color":"","overlay-opacity":"","overlay-gradient":""},"mobile":{"background-color":"","background-image":"","background-repeat":"repeat","background-position":"center center","background-size":"auto","background-attachment":"scroll","background-type":"","background-media":"","overlay-type":"","overlay-color":"","overlay-opacity":"","overlay-gradient":""}},"ast-content-background-meta":{"desktop":{"background-color":"var(--ast-global-color-4)","background-image":"","background-repeat":"repeat","background-position":"center center","background-size":"auto","background-attachment":"scroll","background-type":"","background-media":"","overlay-type":"","overlay-color":"","overlay-opacity":"","overlay-gradient":""},"tablet":{"background-color":"var(--ast-global-color-4)","background-image":"","background-repeat":"repeat","background-position":"center center","background-size":"auto","background-attachment":"scroll","background-type":"","background-media":"","overlay-type":"","overlay-color":"","overlay-opacity":"","overlay-gradient":""},"mobile":{"background-color":"var(--ast-global-color-4)","background-image":"","background-repeat":"repeat","background-position":"center center","background-size":"auto","background-attachment":"scroll","background-type":"","background-media":"","overlay-type":"","overlay-color":"","overlay-opacity":"","overlay-gradient":""}},"footnotes":""},"folder":[12],"class_list":["post-1296","page","type-page","status-publish","hentry"],"_links":{"self":[{"href":"https:\/\/grupomrl.com.mx\/2025\/wp-json\/wp\/v2\/pages\/1296","targetHints":{"allow":["GET"]}}],"collection":[{"href":"https:\/\/grupomrl.com.mx\/2025\/wp-json\/wp\/v2\/pages"}],"about":[{"href":"https:\/\/grupomrl.com.mx\/2025\/wp-json\/wp\/v2\/types\/page"}],"author":[{"embeddable":true,"href":"https:\/\/grupomrl.com.mx\/2025\/wp-json\/wp\/v2\/users\/1"}],"replies":[{"embeddable":true,"href":"https:\/\/grupomrl.com.mx\/2025\/wp-json\/wp\/v2\/comments?post=1296"}],"version-history":[{"count":24,"href":"https:\/\/grupomrl.com.mx\/2025\/wp-json\/wp\/v2\/pages\/1296\/revisions"}],"predecessor-version":[{"id":2541,"href":"https:\/\/grupomrl.com.mx\/2025\/wp-json\/wp\/v2\/pages\/1296\/revisions\/2541"}],"wp:attachment":[{"href":"https:\/\/grupomrl.com.mx\/2025\/wp-json\/wp\/v2\/media?parent=1296"}],"wp:term":[{"taxonomy":"folder","embeddable":true,"href":"https:\/\/grupomrl.com.mx\/2025\/wp-json\/wp\/v2\/folder?post=1296"}],"curies":[{"name":"wp","href":"https:\/\/api.w.org\/{rel}","templated":true}]}}