{"id":705,"date":"2025-07-08T06:52:18","date_gmt":"2025-07-08T06:52:18","guid":{"rendered":"https:\/\/grupomrl.com.mx\/2025\/?page_id=705"},"modified":"2026-04-07T20:35:37","modified_gmt":"2026-04-07T20:35:37","slug":"valentina","status":"publish","type":"page","link":"https:\/\/grupomrl.com.mx\/2025\/valentina\/","title":{"rendered":"INICIO"},"content":{"rendered":"\t\t<div data-elementor-type=\"wp-page\" data-elementor-id=\"705\" class=\"elementor elementor-705\">\n\t\t\t\t<div class=\"elementor-element elementor-element-542d39e e-con-full e-flex e-con e-parent\" data-id=\"542d39e\" data-element_type=\"container\">\n\t\t\t\t<div class=\"elementor-element elementor-element-30260f8 elementor-widget__width-inherit elementor-widget elementor-widget-image\" data-id=\"30260f8\" data-element_type=\"widget\" data-widget_type=\"image.default\">\n\t\t\t\t<div class=\"elementor-widget-container\">\n\t\t\t\t\t\t\t\t\t\t\t\t\t\t\t<img fetchpriority=\"high\" decoding=\"async\" width=\"2560\" height=\"1707\" src=\"https:\/\/grupomrl.com.mx\/2025\/wp-content\/uploads\/2025\/08\/Recurso-22-scaled.webp\" class=\"attachment-full size-full wp-image-2159\" alt=\"\" srcset=\"https:\/\/grupomrl.com.mx\/2025\/wp-content\/uploads\/2025\/08\/Recurso-22-scaled.webp 2560w, https:\/\/grupomrl.com.mx\/2025\/wp-content\/uploads\/2025\/08\/Recurso-22-300x200.webp 300w, https:\/\/grupomrl.com.mx\/2025\/wp-content\/uploads\/2025\/08\/Recurso-22-1024x683.webp 1024w, https:\/\/grupomrl.com.mx\/2025\/wp-content\/uploads\/2025\/08\/Recurso-22-768x512.webp 768w, https:\/\/grupomrl.com.mx\/2025\/wp-content\/uploads\/2025\/08\/Recurso-22-1536x1024.webp 1536w, https:\/\/grupomrl.com.mx\/2025\/wp-content\/uploads\/2025\/08\/Recurso-22-2048x1365.webp 2048w\" sizes=\"(max-width: 2560px) 100vw, 2560px\" \/>\t\t\t\t\t\t\t\t\t\t\t\t\t\t\t<\/div>\n\t\t\t\t<\/div>\n\t\t\t\t<\/div>\n\t\t<div class=\"elementor-element elementor-element-d0cee79 e-con-full e-flex e-con e-parent\" data-id=\"d0cee79\" data-element_type=\"container\" data-settings=\"{&quot;background_background&quot;:&quot;classic&quot;}\">\n\t\t\t\t<div class=\"elementor-element elementor-element-cf762e1 animated-slow elementor-invisible elementor-widget elementor-widget-image\" data-id=\"cf762e1\" data-element_type=\"widget\" data-settings=\"{&quot;_animation&quot;:&quot;fadeIn&quot;,&quot;_animation_delay&quot;:0}\" data-widget_type=\"image.default\">\n\t\t\t\t<div class=\"elementor-widget-container\">\n\t\t\t\t\t\t\t\t\t\t\t\t\t\t\t<img decoding=\"async\" width=\"2560\" height=\"1586\" src=\"https:\/\/grupomrl.com.mx\/2025\/wp-content\/uploads\/2025\/08\/Recurso-1-2-scaled.webp\" class=\"attachment-full size-full wp-image-2163\" alt=\"\" srcset=\"https:\/\/grupomrl.com.mx\/2025\/wp-content\/uploads\/2025\/08\/Recurso-1-2-scaled.webp 2560w, https:\/\/grupomrl.com.mx\/2025\/wp-content\/uploads\/2025\/08\/Recurso-1-2-300x186.webp 300w, https:\/\/grupomrl.com.mx\/2025\/wp-content\/uploads\/2025\/08\/Recurso-1-2-1024x634.webp 1024w, https:\/\/grupomrl.com.mx\/2025\/wp-content\/uploads\/2025\/08\/Recurso-1-2-768x476.webp 768w, https:\/\/grupomrl.com.mx\/2025\/wp-content\/uploads\/2025\/08\/Recurso-1-2-1536x952.webp 1536w, https:\/\/grupomrl.com.mx\/2025\/wp-content\/uploads\/2025\/08\/Recurso-1-2-2048x1269.webp 2048w\" sizes=\"(max-width: 2560px) 100vw, 2560px\" \/>\t\t\t\t\t\t\t\t\t\t\t\t\t\t\t<\/div>\n\t\t\t\t<\/div>\n\t\t\t\t<\/div>\n\t\t<div class=\"elementor-element elementor-element-90d4472 e-flex e-con-boxed e-con e-parent\" data-id=\"90d4472\" data-element_type=\"container\" data-settings=\"{&quot;background_background&quot;:&quot;classic&quot;}\">\n\t\t\t\t\t<div class=\"e-con-inner\">\n\t\t\t\t<div class=\"elementor-element elementor-element-c6e5fdf elementor-widget elementor-widget-spacer\" data-id=\"c6e5fdf\" data-element_type=\"widget\" data-widget_type=\"spacer.default\">\n\t\t\t\t<div class=\"elementor-widget-container\">\n\t\t\t\t\t\t\t<div class=\"elementor-spacer\">\n\t\t\t<div class=\"elementor-spacer-inner\"><\/div>\n\t\t<\/div>\n\t\t\t\t\t\t<\/div>\n\t\t\t\t<\/div>\n\t\t\t\t\t<\/div>\n\t\t\t\t<\/div>\n\t\t<div class=\"elementor-element elementor-element-d73ebe9 e-flex e-con-boxed e-con e-parent\" data-id=\"d73ebe9\" data-element_type=\"container\" data-settings=\"{&quot;background_background&quot;:&quot;classic&quot;}\">\n\t\t\t\t\t<div class=\"e-con-inner\">\n\t\t\t\t<div class=\"elementor-element elementor-element-9fb458d animated-slow elementor-invisible elementor-widget elementor-widget-image\" data-id=\"9fb458d\" data-element_type=\"widget\" data-settings=\"{&quot;_animation&quot;:&quot;fadeInRight&quot;}\" data-widget_type=\"image.default\">\n\t\t\t\t<div class=\"elementor-widget-container\">\n\t\t\t\t\t\t\t\t\t\t\t\t\t\t\t<img decoding=\"async\" width=\"974\" height=\"410\" src=\"https:\/\/grupomrl.com.mx\/2025\/wp-content\/uploads\/2025\/07\/Captura-de-pantalla-2025-07-08-a-las-2.08.59\u202fa.m.png\" class=\"attachment-large size-large wp-image-769\" alt=\"\" srcset=\"https:\/\/grupomrl.com.mx\/2025\/wp-content\/uploads\/2025\/07\/Captura-de-pantalla-2025-07-08-a-las-2.08.59\u202fa.m.png 974w, https:\/\/grupomrl.com.mx\/2025\/wp-content\/uploads\/2025\/07\/Captura-de-pantalla-2025-07-08-a-las-2.08.59\u202fa.m-300x126.png 300w, https:\/\/grupomrl.com.mx\/2025\/wp-content\/uploads\/2025\/07\/Captura-de-pantalla-2025-07-08-a-las-2.08.59\u202fa.m-768x323.png 768w\" sizes=\"(max-width: 974px) 100vw, 974px\" \/>\t\t\t\t\t\t\t\t\t\t\t\t\t\t\t<\/div>\n\t\t\t\t<\/div>\n\t\t\t\t\t<\/div>\n\t\t\t\t<\/div>\n\t\t<div class=\"elementor-element elementor-element-e9f16b8 e-flex e-con-boxed e-con e-parent\" data-id=\"e9f16b8\" data-element_type=\"container\" data-settings=\"{&quot;background_background&quot;:&quot;classic&quot;}\">\n\t\t\t\t\t<div class=\"e-con-inner\">\n\t\t\t\t<div class=\"elementor-element elementor-element-ec1476e animated-slow elementor-invisible elementor-widget elementor-widget-heading\" data-id=\"ec1476e\" data-element_type=\"widget\" data-settings=\"{&quot;_animation&quot;:&quot;fadeIn&quot;}\" data-widget_type=\"heading.default\">\n\t\t\t\t<div class=\"elementor-widget-container\">\n\t\t\t\t\t<h2 class=\"elementor-heading-title elementor-size-default\">Valentina nace de la pasi\u00f3n por la cocina mexicana tradicional reinterpretada con un toque contempor\u00e1neo. Es un lugar donde el sabor, el dise\u00f1o y el ambiente se combinan para ofrecer una experiencia que se queda en el recuerdo.<br><br>Cada detalle est\u00e1 pensado para celebrar nuestras ra\u00edces: desde\nla selecci\u00f3n de ingredientes hasta el dise\u00f1o de los espacios.<br>En Valentina se come rico, se brinda fuerte y se comparte con alma.<\/h2>\t\t\t\t<\/div>\n\t\t\t\t<\/div>\n\t\t\t\t\t<\/div>\n\t\t\t\t<\/div>\n\t\t<div class=\"elementor-element elementor-element-df68c05 e-flex e-con-boxed e-con e-parent\" data-id=\"df68c05\" data-element_type=\"container\" data-settings=\"{&quot;background_background&quot;:&quot;classic&quot;}\">\n\t\t\t\t\t<div class=\"e-con-inner\">\n\t\t\t\t<div class=\"elementor-element elementor-element-e7ab656 elementor-widget elementor-widget-spacer\" data-id=\"e7ab656\" data-element_type=\"widget\" data-widget_type=\"spacer.default\">\n\t\t\t\t<div class=\"elementor-widget-container\">\n\t\t\t\t\t\t\t<div class=\"elementor-spacer\">\n\t\t\t<div class=\"elementor-spacer-inner\"><\/div>\n\t\t<\/div>\n\t\t\t\t\t\t<\/div>\n\t\t\t\t<\/div>\n\t\t\t\t\t<\/div>\n\t\t\t\t<\/div>\n\t\t<div class=\"elementor-element elementor-element-0056c6f e-con-full e-flex e-con e-parent\" data-id=\"0056c6f\" data-element_type=\"container\" data-settings=\"{&quot;background_background&quot;:&quot;classic&quot;}\">\n\t\t\t\t<div class=\"elementor-element elementor-element-f0c774b elementor-widget__width-inherit elementor-widget-divider--view-line elementor-widget elementor-widget-divider\" data-id=\"f0c774b\" data-element_type=\"widget\" data-widget_type=\"divider.default\">\n\t\t\t\t<div class=\"elementor-widget-container\">\n\t\t\t\t\t\t\t<div class=\"elementor-divider\">\n\t\t\t<span class=\"elementor-divider-separator\">\n\t\t\t\t\t\t<\/span>\n\t\t<\/div>\n\t\t\t\t\t\t<\/div>\n\t\t\t\t<\/div>\n\t\t\t\t<\/div>\n\t\t<div class=\"elementor-element elementor-element-0abaf4f e-flex e-con-boxed e-con e-parent\" data-id=\"0abaf4f\" data-element_type=\"container\" data-settings=\"{&quot;background_background&quot;:&quot;classic&quot;}\">\n\t\t\t\t\t<div class=\"e-con-inner\">\n\t\t\t\t<div class=\"elementor-element elementor-element-ba7168d elementor-invisible elementor-widget elementor-widget-heading\" data-id=\"ba7168d\" data-element_type=\"widget\" data-settings=\"{&quot;_animation&quot;:&quot;fadeInLeft&quot;}\" data-widget_type=\"heading.default\">\n\t\t\t\t<div class=\"elementor-widget-container\">\n\t\t\t\t\t<h1 class=\"elementor-heading-title elementor-size-default\">Sucursales<\/h1>\t\t\t\t<\/div>\n\t\t\t\t<\/div>\n\t\t\t\t\t<\/div>\n\t\t\t\t<\/div>\n\t\t<div class=\"elementor-element elementor-element-16078bf e-flex e-con-boxed e-con e-parent\" data-id=\"16078bf\" data-element_type=\"container\" data-settings=\"{&quot;background_background&quot;:&quot;classic&quot;}\">\n\t\t\t\t\t<div class=\"e-con-inner\">\n\t\t\t\t<div class=\"elementor-element elementor-element-8eddfaa elementor-widget elementor-widget-spacer\" data-id=\"8eddfaa\" data-element_type=\"widget\" data-widget_type=\"spacer.default\">\n\t\t\t\t<div class=\"elementor-widget-container\">\n\t\t\t\t\t\t\t<div class=\"elementor-spacer\">\n\t\t\t<div class=\"elementor-spacer-inner\"><\/div>\n\t\t<\/div>\n\t\t\t\t\t\t<\/div>\n\t\t\t\t<\/div>\n\t\t\t\t\t<\/div>\n\t\t\t\t<\/div>\n\t\t<div class=\"elementor-element elementor-element-24a2475 e-grid e-con-full e-con e-parent\" data-id=\"24a2475\" data-element_type=\"container\" data-settings=\"{&quot;background_background&quot;:&quot;classic&quot;}\">\n\t\t\t\t<div class=\"elementor-element elementor-element-2adb51e elementor-invisible elementor-widget elementor-widget-image\" data-id=\"2adb51e\" data-element_type=\"widget\" data-settings=\"{&quot;_animation&quot;:&quot;fadeInLeft&quot;}\" data-widget_type=\"image.default\">\n\t\t\t\t<div class=\"elementor-widget-container\">\n\t\t\t\t\t\t\t\t\t\t\t\t\t\t\t<img loading=\"lazy\" decoding=\"async\" width=\"843\" height=\"1024\" src=\"https:\/\/grupomrl.com.mx\/2025\/wp-content\/uploads\/2025\/09\/Recurso-5-2-843x1024.webp\" class=\"attachment-large size-large wp-image-2693\" alt=\"\" srcset=\"https:\/\/grupomrl.com.mx\/2025\/wp-content\/uploads\/2025\/09\/Recurso-5-2-843x1024.webp 843w, https:\/\/grupomrl.com.mx\/2025\/wp-content\/uploads\/2025\/09\/Recurso-5-2-247x300.webp 247w, https:\/\/grupomrl.com.mx\/2025\/wp-content\/uploads\/2025\/09\/Recurso-5-2-768x933.webp 768w, https:\/\/grupomrl.com.mx\/2025\/wp-content\/uploads\/2025\/09\/Recurso-5-2-1265x1536.webp 1265w, https:\/\/grupomrl.com.mx\/2025\/wp-content\/uploads\/2025\/09\/Recurso-5-2-1686x2048.webp 1686w\" sizes=\"(max-width: 843px) 100vw, 843px\" \/>\t\t\t\t\t\t\t\t\t\t\t\t\t\t\t<\/div>\n\t\t\t\t<\/div>\n\t\t\t\t<div class=\"elementor-element elementor-element-a6f5bd0 elementor-invisible elementor-widget elementor-widget-image\" data-id=\"a6f5bd0\" data-element_type=\"widget\" data-settings=\"{&quot;_animation&quot;:&quot;fadeInRight&quot;}\" data-widget_type=\"image.default\">\n\t\t\t\t<div class=\"elementor-widget-container\">\n\t\t\t\t\t\t\t\t\t\t\t\t\t\t\t<img loading=\"lazy\" decoding=\"async\" width=\"838\" height=\"1024\" src=\"https:\/\/grupomrl.com.mx\/2025\/wp-content\/uploads\/2025\/09\/Recurso-4-2-838x1024.webp\" class=\"attachment-large size-large wp-image-2692\" alt=\"\" srcset=\"https:\/\/grupomrl.com.mx\/2025\/wp-content\/uploads\/2025\/09\/Recurso-4-2-838x1024.webp 838w, https:\/\/grupomrl.com.mx\/2025\/wp-content\/uploads\/2025\/09\/Recurso-4-2-246x300.webp 246w, https:\/\/grupomrl.com.mx\/2025\/wp-content\/uploads\/2025\/09\/Recurso-4-2-768x938.webp 768w, https:\/\/grupomrl.com.mx\/2025\/wp-content\/uploads\/2025\/09\/Recurso-4-2-1257x1536.webp 1257w, https:\/\/grupomrl.com.mx\/2025\/wp-content\/uploads\/2025\/09\/Recurso-4-2-1676x2048.webp 1676w\" sizes=\"(max-width: 838px) 100vw, 838px\" \/>\t\t\t\t\t\t\t\t\t\t\t\t\t\t\t<\/div>\n\t\t\t\t<\/div>\n\t\t\t\t<\/div>\n\t\t<div class=\"elementor-element elementor-element-4d7a525 e-grid e-con-full e-con e-parent\" data-id=\"4d7a525\" data-element_type=\"container\" data-settings=\"{&quot;background_background&quot;:&quot;classic&quot;}\">\n\t\t\t\t<div class=\"elementor-element elementor-element-4f992aa e-grid-align-mobile-center elementor-shape-circle elementor-grid-0 e-grid-align-center elementor-widget elementor-widget-social-icons\" data-id=\"4f992aa\" data-element_type=\"widget\" data-settings=\"{&quot;_animation&quot;:&quot;none&quot;}\" data-widget_type=\"social-icons.default\">\n\t\t\t\t<div class=\"elementor-widget-container\">\n\t\t\t\t\t\t\t<div class=\"elementor-social-icons-wrapper elementor-grid\" role=\"list\">\n\t\t\t\t\t\t\t<span class=\"elementor-grid-item\" role=\"listitem\">\n\t\t\t\t\t<a class=\"elementor-icon elementor-social-icon elementor-social-icon-facebook elementor-animation-bob elementor-repeater-item-1f95163\" href=\"https:\/\/www.facebook.com\/ValentinaCantinaMrl\" target=\"_blank\">\n\t\t\t\t\t\t<span class=\"elementor-screen-only\">Facebook<\/span>\n\t\t\t\t\t\t<svg aria-hidden=\"true\" class=\"e-font-icon-svg e-fab-facebook\" viewBox=\"0 0 512 512\" xmlns=\"http:\/\/www.w3.org\/2000\/svg\"><path d=\"M504 256C504 119 393 8 256 8S8 119 8 256c0 123.78 90.69 226.38 209.25 245V327.69h-63V256h63v-54.64c0-62.15 37-96.48 93.67-96.48 27.14 0 55.52 4.84 55.52 4.84v61h-31.28c-30.8 0-40.41 19.12-40.41 38.73V256h68.78l-11 71.69h-57.78V501C413.31 482.38 504 379.78 504 256z\"><\/path><\/svg>\t\t\t\t\t<\/a>\n\t\t\t\t<\/span>\n\t\t\t\t\t\t\t<span class=\"elementor-grid-item\" role=\"listitem\">\n\t\t\t\t\t<a class=\"elementor-icon elementor-social-icon elementor-social-icon-instagram elementor-animation-bob elementor-repeater-item-eeefed9\" href=\"https:\/\/www.instagram.com\/valentinacantinamrl\/?hl=es\" target=\"_blank\">\n\t\t\t\t\t\t<span class=\"elementor-screen-only\">Instagram<\/span>\n\t\t\t\t\t\t<svg aria-hidden=\"true\" class=\"e-font-icon-svg e-fab-instagram\" viewBox=\"0 0 448 512\" xmlns=\"http:\/\/www.w3.org\/2000\/svg\"><path d=\"M224.1 141c-63.6 0-114.9 51.3-114.9 114.9s51.3 114.9 114.9 114.9S339 319.5 339 255.9 287.7 141 224.1 141zm0 189.6c-41.1 0-74.7-33.5-74.7-74.7s33.5-74.7 74.7-74.7 74.7 33.5 74.7 74.7-33.6 74.7-74.7 74.7zm146.4-194.3c0 14.9-12 26.8-26.8 26.8-14.9 0-26.8-12-26.8-26.8s12-26.8 26.8-26.8 26.8 12 26.8 26.8zm76.1 27.2c-1.7-35.9-9.9-67.7-36.2-93.9-26.2-26.2-58-34.4-93.9-36.2-37-2.1-147.9-2.1-184.9 0-35.8 1.7-67.6 9.9-93.9 36.1s-34.4 58-36.2 93.9c-2.1 37-2.1 147.9 0 184.9 1.7 35.9 9.9 67.7 36.2 93.9s58 34.4 93.9 36.2c37 2.1 147.9 2.1 184.9 0 35.9-1.7 67.7-9.9 93.9-36.2 26.2-26.2 34.4-58 36.2-93.9 2.1-37 2.1-147.8 0-184.8zM398.8 388c-7.8 19.6-22.9 34.7-42.6 42.6-29.5 11.7-99.5 9-132.1 9s-102.7 2.6-132.1-9c-19.6-7.8-34.7-22.9-42.6-42.6-11.7-29.5-9-99.5-9-132.1s-2.6-102.7 9-132.1c7.8-19.6 22.9-34.7 42.6-42.6 29.5-11.7 99.5-9 132.1-9s102.7-2.6 132.1 9c19.6 7.8 34.7 22.9 42.6 42.6 11.7 29.5 9 99.5 9 132.1s2.7 102.7-9 132.1z\"><\/path><\/svg>\t\t\t\t\t<\/a>\n\t\t\t\t<\/span>\n\t\t\t\t\t\t\t<span class=\"elementor-grid-item\" role=\"listitem\">\n\t\t\t\t\t<a class=\"elementor-icon elementor-social-icon elementor-social-icon- elementor-animation-bob elementor-repeater-item-e8a3d46\" href=\"https:\/\/grupomrl.com.mx\/2025\/wp-content\/uploads\/2026\/04\/VALENTINA-MENU.pdf\" target=\"_blank\">\n\t\t\t\t\t\t<span class=\"elementor-screen-only\"><\/span>\n\t\t\t\t\t\t<svg xmlns=\"http:\/\/www.w3.org\/2000\/svg\" id=\"Capa_2\" data-name=\"Capa 2\" viewBox=\"0 0 1080 1080\"><defs><style> .cls-1 { letter-spacing: 0em; } .cls-2 { font-family: TheSeasons-Bold, 'The Seasons'; font-size: 346.7px; font-weight: 700; } .cls-2, .cls-3 { fill: #ecdbd2; } .cls-4 { letter-spacing: 0em; } <\/style><\/defs><g id=\"Capa_1-2\" data-name=\"Capa 1\"><path class=\"cls-3\" d=\"M540,26c69.4,0,136.71,13.59,200.06,40.38,61.2,25.89,116.18,62.95,163.39,110.17,47.21,47.21,84.28,102.19,110.17,163.39,26.8,63.35,40.38,130.66,40.38,200.06s-13.59,136.71-40.38,200.06c-25.89,61.2-62.95,116.18-110.17,163.39-47.21,47.21-102.19,84.28-163.39,110.17-63.35,26.8-130.66,40.38-200.06,40.38s-136.71-13.59-200.06-40.38c-61.2-25.89-116.18-62.95-163.39-110.17-47.21-47.21-84.28-102.19-110.17-163.39-26.8-63.35-40.38-130.66-40.38-200.06s13.59-136.71,40.38-200.06c25.89-61.2,62.95-116.18,110.17-163.39,47.21-47.21,102.19-84.28,163.39-110.17,63.35-26.8,130.66-40.38,200.06-40.38M540,0C241.77,0,0,241.77,0,540s241.77,540,540,540,540-241.77,540-540S838.23,0,540,0h0Z\"><\/path><text class=\"cls-2\" transform=\"translate(106 635.86)\"><tspan class=\"cls-4\" x=\"0\" y=\"0\">M<\/tspan><tspan class=\"cls-1\" x=\"287.41\" y=\"0\">en\u00fa<\/tspan><\/text><\/g><\/svg>\t\t\t\t\t<\/a>\n\t\t\t\t<\/span>\n\t\t\t\t\t<\/div>\n\t\t\t\t\t\t<\/div>\n\t\t\t\t<\/div>\n\t\t\t\t<div class=\"elementor-element elementor-element-321102e e-grid-align-mobile-center elementor-shape-circle elementor-grid-0 e-grid-align-center elementor-widget elementor-widget-social-icons\" data-id=\"321102e\" data-element_type=\"widget\" data-widget_type=\"social-icons.default\">\n\t\t\t\t<div class=\"elementor-widget-container\">\n\t\t\t\t\t\t\t<div class=\"elementor-social-icons-wrapper elementor-grid\" role=\"list\">\n\t\t\t\t\t\t\t<span class=\"elementor-grid-item\" role=\"listitem\">\n\t\t\t\t\t<a class=\"elementor-icon elementor-social-icon elementor-social-icon-facebook elementor-animation-bob elementor-repeater-item-1f95163\" href=\"https:\/\/www.facebook.com\/Valentinaleon.mrl?locale=es_LA\" target=\"_blank\">\n\t\t\t\t\t\t<span class=\"elementor-screen-only\">Facebook<\/span>\n\t\t\t\t\t\t<svg aria-hidden=\"true\" class=\"e-font-icon-svg e-fab-facebook\" viewBox=\"0 0 512 512\" xmlns=\"http:\/\/www.w3.org\/2000\/svg\"><path d=\"M504 256C504 119 393 8 256 8S8 119 8 256c0 123.78 90.69 226.38 209.25 245V327.69h-63V256h63v-54.64c0-62.15 37-96.48 93.67-96.48 27.14 0 55.52 4.84 55.52 4.84v61h-31.28c-30.8 0-40.41 19.12-40.41 38.73V256h68.78l-11 71.69h-57.78V501C413.31 482.38 504 379.78 504 256z\"><\/path><\/svg>\t\t\t\t\t<\/a>\n\t\t\t\t<\/span>\n\t\t\t\t\t\t\t<span class=\"elementor-grid-item\" role=\"listitem\">\n\t\t\t\t\t<a class=\"elementor-icon elementor-social-icon elementor-social-icon-instagram elementor-animation-bob elementor-repeater-item-eeefed9\" href=\"https:\/\/www.instagram.com\/valentina_leongto?igsh=aGw5NWkyNnRibnlz\" target=\"_blank\">\n\t\t\t\t\t\t<span class=\"elementor-screen-only\">Instagram<\/span>\n\t\t\t\t\t\t<svg aria-hidden=\"true\" class=\"e-font-icon-svg e-fab-instagram\" viewBox=\"0 0 448 512\" xmlns=\"http:\/\/www.w3.org\/2000\/svg\"><path d=\"M224.1 141c-63.6 0-114.9 51.3-114.9 114.9s51.3 114.9 114.9 114.9S339 319.5 339 255.9 287.7 141 224.1 141zm0 189.6c-41.1 0-74.7-33.5-74.7-74.7s33.5-74.7 74.7-74.7 74.7 33.5 74.7 74.7-33.6 74.7-74.7 74.7zm146.4-194.3c0 14.9-12 26.8-26.8 26.8-14.9 0-26.8-12-26.8-26.8s12-26.8 26.8-26.8 26.8 12 26.8 26.8zm76.1 27.2c-1.7-35.9-9.9-67.7-36.2-93.9-26.2-26.2-58-34.4-93.9-36.2-37-2.1-147.9-2.1-184.9 0-35.8 1.7-67.6 9.9-93.9 36.1s-34.4 58-36.2 93.9c-2.1 37-2.1 147.9 0 184.9 1.7 35.9 9.9 67.7 36.2 93.9s58 34.4 93.9 36.2c37 2.1 147.9 2.1 184.9 0 35.9-1.7 67.7-9.9 93.9-36.2 26.2-26.2 34.4-58 36.2-93.9 2.1-37 2.1-147.8 0-184.8zM398.8 388c-7.8 19.6-22.9 34.7-42.6 42.6-29.5 11.7-99.5 9-132.1 9s-102.7 2.6-132.1-9c-19.6-7.8-34.7-22.9-42.6-42.6-11.7-29.5-9-99.5-9-132.1s-2.6-102.7 9-132.1c7.8-19.6 22.9-34.7 42.6-42.6 29.5-11.7 99.5-9 132.1-9s102.7-2.6 132.1 9c19.6 7.8 34.7 22.9 42.6 42.6 11.7 29.5 9 99.5 9 132.1s2.7 102.7-9 132.1z\"><\/path><\/svg>\t\t\t\t\t<\/a>\n\t\t\t\t<\/span>\n\t\t\t\t\t\t\t<span class=\"elementor-grid-item\" role=\"listitem\">\n\t\t\t\t\t<a class=\"elementor-icon elementor-social-icon elementor-social-icon- elementor-animation-bob elementor-repeater-item-f30fadc\" href=\"https:\/\/grupomrl.com.mx\/2025\/wp-content\/uploads\/2026\/03\/VALENTINA-LEON-MENU.pdf\" target=\"_blank\">\n\t\t\t\t\t\t<span class=\"elementor-screen-only\"><\/span>\n\t\t\t\t\t\t<svg xmlns=\"http:\/\/www.w3.org\/2000\/svg\" id=\"Capa_2\" data-name=\"Capa 2\" viewBox=\"0 0 1080 1080\"><defs><style> .cls-1 { letter-spacing: 0em; } .cls-2 { font-family: TheSeasons-Bold, 'The Seasons'; font-size: 346.7px; font-weight: 700; } .cls-2, .cls-3 { fill: #ecdbd2; } .cls-4 { letter-spacing: 0em; } <\/style><\/defs><g id=\"Capa_1-2\" data-name=\"Capa 1\"><path class=\"cls-3\" d=\"M540,26c69.4,0,136.71,13.59,200.06,40.38,61.2,25.89,116.18,62.95,163.39,110.17,47.21,47.21,84.28,102.19,110.17,163.39,26.8,63.35,40.38,130.66,40.38,200.06s-13.59,136.71-40.38,200.06c-25.89,61.2-62.95,116.18-110.17,163.39-47.21,47.21-102.19,84.28-163.39,110.17-63.35,26.8-130.66,40.38-200.06,40.38s-136.71-13.59-200.06-40.38c-61.2-25.89-116.18-62.95-163.39-110.17-47.21-47.21-84.28-102.19-110.17-163.39-26.8-63.35-40.38-130.66-40.38-200.06s13.59-136.71,40.38-200.06c25.89-61.2,62.95-116.18,110.17-163.39,47.21-47.21,102.19-84.28,163.39-110.17,63.35-26.8,130.66-40.38,200.06-40.38M540,0C241.77,0,0,241.77,0,540s241.77,540,540,540,540-241.77,540-540S838.23,0,540,0h0Z\"><\/path><text class=\"cls-2\" transform=\"translate(106 635.86)\"><tspan class=\"cls-4\" x=\"0\" y=\"0\">M<\/tspan><tspan class=\"cls-1\" x=\"287.41\" y=\"0\">en\u00fa<\/tspan><\/text><\/g><\/svg>\t\t\t\t\t<\/a>\n\t\t\t\t<\/span>\n\t\t\t\t\t<\/div>\n\t\t\t\t\t\t<\/div>\n\t\t\t\t<\/div>\n\t\t\t\t<\/div>\n\t\t\t\t<\/div>\n\t\t","protected":false},"excerpt":{"rendered":"<p>Valentina nace de la pasi\u00f3n por la cocina mexicana tradicional reinterpretada con un toque contempor\u00e1neo. Es un lugar donde el [&hellip;]<\/p>\n","protected":false},"author":1,"featured_media":0,"parent":0,"menu_order":0,"comment_status":"closed","ping_status":"closed","template":"","meta":{"site-sidebar-layout":"no-sidebar","site-content-layout":"","ast-site-content-layout":"full-width-container","site-content-style":"default","site-sidebar-style":"default","ast-global-header-display":"","ast-banner-title-visibility":"","ast-main-header-display":"","ast-hfb-above-header-display":"","ast-hfb-below-header-display":"","ast-hfb-mobile-header-display":"","site-post-title":"disabled","ast-breadcrumbs-content":"","ast-featured-img":"","footer-sml-layout":"","theme-transparent-header-meta":"default","adv-header-id-meta":"","stick-header-meta":"","header-above-stick-meta":"","header-main-stick-meta":"","header-below-stick-meta":"","astra-migrate-meta-layouts":"set","ast-page-background-enabled":"default","ast-page-background-meta":{"desktop":{"background-color":"var(--ast-global-color-5)","background-image":"","background-repeat":"repeat","background-position":"center center","background-size":"auto","background-attachment":"scroll","background-type":"","background-media":"","overlay-type":"","overlay-color":"","overlay-opacity":"","overlay-gradient":""},"tablet":{"background-color":"","background-image":"","background-repeat":"repeat","background-position":"center center","background-size":"auto","background-attachment":"scroll","background-type":"","background-media":"","overlay-type":"","overlay-color":"","overlay-opacity":"","overlay-gradient":""},"mobile":{"background-color":"","background-image":"","background-repeat":"repeat","background-position":"center center","background-size":"auto","background-attachment":"scroll","background-type":"","background-media":"","overlay-type":"","overlay-color":"","overlay-opacity":"","overlay-gradient":""}},"ast-content-background-meta":{"desktop":{"background-color":"var(--ast-global-color-4)","background-image":"","background-repeat":"repeat","background-position":"center center","background-size":"auto","background-attachment":"scroll","background-type":"","background-media":"","overlay-type":"","overlay-color":"","overlay-opacity":"","overlay-gradient":""},"tablet":{"background-color":"var(--ast-global-color-4)","background-image":"","background-repeat":"repeat","background-position":"center center","background-size":"auto","background-attachment":"scroll","background-type":"","background-media":"","overlay-type":"","overlay-color":"","overlay-opacity":"","overlay-gradient":""},"mobile":{"background-color":"var(--ast-global-color-4)","background-image":"","background-repeat":"repeat","background-position":"center center","background-size":"auto","background-attachment":"scroll","background-type":"","background-media":"","overlay-type":"","overlay-color":"","overlay-opacity":"","overlay-gradient":""}},"footnotes":""},"folder":[19],"class_list":["post-705","page","type-page","status-publish","hentry"],"_links":{"self":[{"href":"https:\/\/grupomrl.com.mx\/2025\/wp-json\/wp\/v2\/pages\/705","targetHints":{"allow":["GET"]}}],"collection":[{"href":"https:\/\/grupomrl.com.mx\/2025\/wp-json\/wp\/v2\/pages"}],"about":[{"href":"https:\/\/grupomrl.com.mx\/2025\/wp-json\/wp\/v2\/types\/page"}],"author":[{"embeddable":true,"href":"https:\/\/grupomrl.com.mx\/2025\/wp-json\/wp\/v2\/users\/1"}],"replies":[{"embeddable":true,"href":"https:\/\/grupomrl.com.mx\/2025\/wp-json\/wp\/v2\/comments?post=705"}],"version-history":[{"count":151,"href":"https:\/\/grupomrl.com.mx\/2025\/wp-json\/wp\/v2\/pages\/705\/revisions"}],"predecessor-version":[{"id":4027,"href":"https:\/\/grupomrl.com.mx\/2025\/wp-json\/wp\/v2\/pages\/705\/revisions\/4027"}],"wp:attachment":[{"href":"https:\/\/grupomrl.com.mx\/2025\/wp-json\/wp\/v2\/media?parent=705"}],"wp:term":[{"taxonomy":"folder","embeddable":true,"href":"https:\/\/grupomrl.com.mx\/2025\/wp-json\/wp\/v2\/folder?post=705"}],"curies":[{"name":"wp","href":"https:\/\/api.w.org\/{rel}","templated":true}]}}