{"id":787,"date":"2025-07-11T00:29:11","date_gmt":"2025-07-11T00:29:11","guid":{"rendered":"https:\/\/grupomrl.com.mx\/2025\/?page_id=787"},"modified":"2026-01-12T20:14:57","modified_gmt":"2026-01-12T20:14:57","slug":"inicio_habanero","status":"publish","type":"page","link":"https:\/\/grupomrl.com.mx\/2025\/inicio_habanero\/","title":{"rendered":"INICIO"},"content":{"rendered":"\t\t<div data-elementor-type=\"wp-page\" data-elementor-id=\"787\" class=\"elementor elementor-787\">\n\t\t\t\t<div class=\"elementor-element elementor-element-87dd970 e-con-full e-flex e-con e-parent\" data-id=\"87dd970\" data-element_type=\"container\">\n\t\t\t\t<div class=\"elementor-element elementor-element-1e46c42 elementor-widget-mobile__width-inherit animated-slow elementor-widget elementor-widget-image\" data-id=\"1e46c42\" data-element_type=\"widget\" data-settings=\"{&quot;_animation&quot;:&quot;none&quot;}\" data-widget_type=\"image.default\">\n\t\t\t\t<div class=\"elementor-widget-container\">\n\t\t\t\t\t\t\t\t\t\t\t\t\t\t\t<img fetchpriority=\"high\" decoding=\"async\" width=\"1515\" height=\"2048\" src=\"https:\/\/grupomrl.com.mx\/2025\/wp-content\/uploads\/2025\/08\/Portada-habanero-1515x2048.webp\" class=\"attachment-2048x2048 size-2048x2048 wp-image-2656\" alt=\"\" srcset=\"https:\/\/grupomrl.com.mx\/2025\/wp-content\/uploads\/2025\/08\/Portada-habanero-1515x2048.webp 1515w, https:\/\/grupomrl.com.mx\/2025\/wp-content\/uploads\/2025\/08\/Portada-habanero-222x300.webp 222w, https:\/\/grupomrl.com.mx\/2025\/wp-content\/uploads\/2025\/08\/Portada-habanero-757x1024.webp 757w, https:\/\/grupomrl.com.mx\/2025\/wp-content\/uploads\/2025\/08\/Portada-habanero-768x1038.webp 768w, https:\/\/grupomrl.com.mx\/2025\/wp-content\/uploads\/2025\/08\/Portada-habanero-1136x1536.webp 1136w, https:\/\/grupomrl.com.mx\/2025\/wp-content\/uploads\/2025\/08\/Portada-habanero-scaled.webp 1893w\" sizes=\"(max-width: 1515px) 100vw, 1515px\" \/>\t\t\t\t\t\t\t\t\t\t\t\t\t\t\t<\/div>\n\t\t\t\t<\/div>\n\t\t\t\t<\/div>\n\t\t<div class=\"elementor-element elementor-element-714152a e-con-full e-flex e-con e-parent\" data-id=\"714152a\" data-element_type=\"container\">\n\t\t\t\t<div class=\"elementor-element elementor-element-5700414 elementor-widget-mobile__width-inherit elementor-widget elementor-widget-image\" data-id=\"5700414\" data-element_type=\"widget\" data-settings=\"{&quot;_animation&quot;:&quot;none&quot;}\" data-widget_type=\"image.default\">\n\t\t\t\t<div class=\"elementor-widget-container\">\n\t\t\t\t\t\t\t\t\t\t\t\t\t\t\t<img decoding=\"async\" width=\"2048\" height=\"782\" src=\"https:\/\/grupomrl.com.mx\/2025\/wp-content\/uploads\/2025\/08\/encabezado2-2048x782.webp\" class=\"attachment-2048x2048 size-2048x2048 wp-image-2657\" alt=\"\" srcset=\"https:\/\/grupomrl.com.mx\/2025\/wp-content\/uploads\/2025\/08\/encabezado2-2048x782.webp 2048w, https:\/\/grupomrl.com.mx\/2025\/wp-content\/uploads\/2025\/08\/encabezado2-300x115.webp 300w, https:\/\/grupomrl.com.mx\/2025\/wp-content\/uploads\/2025\/08\/encabezado2-1024x391.webp 1024w, https:\/\/grupomrl.com.mx\/2025\/wp-content\/uploads\/2025\/08\/encabezado2-768x293.webp 768w, https:\/\/grupomrl.com.mx\/2025\/wp-content\/uploads\/2025\/08\/encabezado2-1536x586.webp 1536w\" sizes=\"(max-width: 2048px) 100vw, 2048px\" \/>\t\t\t\t\t\t\t\t\t\t\t\t\t\t\t<\/div>\n\t\t\t\t<\/div>\n\t\t\t\t<\/div>\n\t\t<div class=\"elementor-element elementor-element-a5266fb e-con-full e-flex e-con e-parent\" data-id=\"a5266fb\" data-element_type=\"container\" data-settings=\"{&quot;background_background&quot;:&quot;classic&quot;}\">\n\t\t\t\t<div class=\"elementor-element elementor-element-85b5a2c elementor-widget elementor-widget-spacer\" data-id=\"85b5a2c\" data-element_type=\"widget\" data-widget_type=\"spacer.default\">\n\t\t\t\t<div class=\"elementor-widget-container\">\n\t\t\t\t\t\t\t<div class=\"elementor-spacer\">\n\t\t\t<div class=\"elementor-spacer-inner\"><\/div>\n\t\t<\/div>\n\t\t\t\t\t\t<\/div>\n\t\t\t\t<\/div>\n\t\t\t\t<\/div>\n\t\t<div class=\"elementor-element elementor-element-bfd85bc e-con-full e-flex e-con e-parent\" data-id=\"bfd85bc\" data-element_type=\"container\">\n\t\t\t\t<div class=\"elementor-element elementor-element-49d7b90 elementor-widget-mobile__width-inherit animated-slow elementor-invisible elementor-widget elementor-widget-image\" data-id=\"49d7b90\" data-element_type=\"widget\" data-settings=\"{&quot;_animation&quot;:&quot;bounceInRight&quot;}\" data-widget_type=\"image.default\">\n\t\t\t\t<div class=\"elementor-widget-container\">\n\t\t\t\t\t\t\t\t\t\t\t\t\t\t\t<img decoding=\"async\" width=\"2560\" height=\"758\" src=\"https:\/\/grupomrl.com.mx\/2025\/wp-content\/uploads\/2025\/08\/Recurso-21-1-scaled.webp\" class=\"attachment-full size-full wp-image-2265\" alt=\"\" srcset=\"https:\/\/grupomrl.com.mx\/2025\/wp-content\/uploads\/2025\/08\/Recurso-21-1-scaled.webp 2560w, https:\/\/grupomrl.com.mx\/2025\/wp-content\/uploads\/2025\/08\/Recurso-21-1-300x89.webp 300w, https:\/\/grupomrl.com.mx\/2025\/wp-content\/uploads\/2025\/08\/Recurso-21-1-1024x303.webp 1024w, https:\/\/grupomrl.com.mx\/2025\/wp-content\/uploads\/2025\/08\/Recurso-21-1-768x228.webp 768w, https:\/\/grupomrl.com.mx\/2025\/wp-content\/uploads\/2025\/08\/Recurso-21-1-1536x455.webp 1536w, https:\/\/grupomrl.com.mx\/2025\/wp-content\/uploads\/2025\/08\/Recurso-21-1-2048x607.webp 2048w\" sizes=\"(max-width: 2560px) 100vw, 2560px\" \/>\t\t\t\t\t\t\t\t\t\t\t\t\t\t\t<\/div>\n\t\t\t\t<\/div>\n\t\t\t\t<\/div>\n\t\t<div class=\"elementor-element elementor-element-db7f959 e-con-full e-flex e-con e-parent\" data-id=\"db7f959\" data-element_type=\"container\" data-settings=\"{&quot;background_background&quot;:&quot;classic&quot;}\">\n\t\t\t\t<div class=\"elementor-element elementor-element-771c2cb elementor-widget elementor-widget-spacer\" data-id=\"771c2cb\" data-element_type=\"widget\" data-widget_type=\"spacer.default\">\n\t\t\t\t<div class=\"elementor-widget-container\">\n\t\t\t\t\t\t\t<div class=\"elementor-spacer\">\n\t\t\t<div class=\"elementor-spacer-inner\"><\/div>\n\t\t<\/div>\n\t\t\t\t\t\t<\/div>\n\t\t\t\t<\/div>\n\t\t\t\t<\/div>\n\t\t<div class=\"elementor-element elementor-element-8093e9d e-flex e-con-boxed e-con e-parent\" data-id=\"8093e9d\" data-element_type=\"container\" data-settings=\"{&quot;background_background&quot;:&quot;classic&quot;}\">\n\t\t\t\t\t<div class=\"e-con-inner\">\n\t\t\t\t<div class=\"elementor-element elementor-element-6f01390 animated-slow elementor-invisible elementor-widget elementor-widget-image\" data-id=\"6f01390\" data-element_type=\"widget\" data-settings=\"{&quot;_animation&quot;:&quot;bounce&quot;}\" data-widget_type=\"image.default\">\n\t\t\t\t<div class=\"elementor-widget-container\">\n\t\t\t\t\t\t\t\t\t\t\t\t\t\t\t\t<a href=\"https:\/\/grupomrl.com.mx\/2025\/wp-content\/uploads\/2026\/01\/MENU-HABANERO-WEB.pdf\">\n\t\t\t\t\t\t\t<img loading=\"lazy\" decoding=\"async\" width=\"1024\" height=\"467\" src=\"https:\/\/grupomrl.com.mx\/2025\/wp-content\/uploads\/2025\/08\/Recurso20-1024x467.webp\" class=\"attachment-large size-large wp-image-2266\" alt=\"\" srcset=\"https:\/\/grupomrl.com.mx\/2025\/wp-content\/uploads\/2025\/08\/Recurso20-1024x467.webp 1024w, https:\/\/grupomrl.com.mx\/2025\/wp-content\/uploads\/2025\/08\/Recurso20-300x137.webp 300w, https:\/\/grupomrl.com.mx\/2025\/wp-content\/uploads\/2025\/08\/Recurso20-768x350.webp 768w, https:\/\/grupomrl.com.mx\/2025\/wp-content\/uploads\/2025\/08\/Recurso20-1536x700.webp 1536w, https:\/\/grupomrl.com.mx\/2025\/wp-content\/uploads\/2025\/08\/Recurso20-2048x934.webp 2048w\" sizes=\"(max-width: 1024px) 100vw, 1024px\" \/>\t\t\t\t\t\t\t\t<\/a>\n\t\t\t\t\t\t\t\t\t\t\t\t\t\t\t<\/div>\n\t\t\t\t<\/div>\n\t\t\t\t\t<\/div>\n\t\t\t\t<\/div>\n\t\t<div class=\"elementor-element elementor-element-2fb6000 e-con-full e-flex e-con e-parent\" data-id=\"2fb6000\" data-element_type=\"container\" data-settings=\"{&quot;background_background&quot;:&quot;classic&quot;}\">\n\t\t\t\t<div class=\"elementor-element elementor-element-2e047f8 animated-slow elementor-invisible elementor-widget elementor-widget-image\" data-id=\"2e047f8\" data-element_type=\"widget\" data-settings=\"{&quot;_animation&quot;:&quot;fadeInDown&quot;}\" data-widget_type=\"image.default\">\n\t\t\t\t<div class=\"elementor-widget-container\">\n\t\t\t\t\t\t\t\t\t\t\t\t\t\t\t<img loading=\"lazy\" decoding=\"async\" width=\"1024\" height=\"237\" src=\"https:\/\/grupomrl.com.mx\/2025\/wp-content\/uploads\/2025\/08\/Recurso-19-1-1024x237.webp\" class=\"attachment-large size-large wp-image-2267\" alt=\"\" srcset=\"https:\/\/grupomrl.com.mx\/2025\/wp-content\/uploads\/2025\/08\/Recurso-19-1-1024x237.webp 1024w, https:\/\/grupomrl.com.mx\/2025\/wp-content\/uploads\/2025\/08\/Recurso-19-1-300x69.webp 300w, https:\/\/grupomrl.com.mx\/2025\/wp-content\/uploads\/2025\/08\/Recurso-19-1-768x178.webp 768w, https:\/\/grupomrl.com.mx\/2025\/wp-content\/uploads\/2025\/08\/Recurso-19-1-1536x355.webp 1536w, https:\/\/grupomrl.com.mx\/2025\/wp-content\/uploads\/2025\/08\/Recurso-19-1-2048x474.webp 2048w\" sizes=\"(max-width: 1024px) 100vw, 1024px\" \/>\t\t\t\t\t\t\t\t\t\t\t\t\t\t\t<\/div>\n\t\t\t\t<\/div>\n\t\t\t\t<\/div>\n\t\t<div class=\"elementor-element elementor-element-f06cf80 e-flex e-con-boxed e-con e-parent\" data-id=\"f06cf80\" data-element_type=\"container\" data-settings=\"{&quot;background_background&quot;:&quot;classic&quot;}\">\n\t\t\t\t\t<div class=\"e-con-inner\">\n\t\t\t\t<div class=\"elementor-element elementor-element-d20b498 elementor-widget elementor-widget-image\" data-id=\"d20b498\" data-element_type=\"widget\" data-widget_type=\"image.default\">\n\t\t\t\t<div class=\"elementor-widget-container\">\n\t\t\t\t\t\t\t\t\t\t\t\t\t\t\t\t<a href=\"https:\/\/www.instagram.com\/habanero.mrl\/\">\n\t\t\t\t\t\t\t<img loading=\"lazy\" decoding=\"async\" width=\"840\" height=\"1024\" src=\"https:\/\/grupomrl.com.mx\/2025\/wp-content\/uploads\/2025\/07\/Captura-de-pantalla-2025-07-14-a-las-11.56.54\u202fp.m-840x1024.png\" class=\"attachment-large size-large wp-image-857\" alt=\"\" srcset=\"https:\/\/grupomrl.com.mx\/2025\/wp-content\/uploads\/2025\/07\/Captura-de-pantalla-2025-07-14-a-las-11.56.54\u202fp.m-840x1024.png 840w, https:\/\/grupomrl.com.mx\/2025\/wp-content\/uploads\/2025\/07\/Captura-de-pantalla-2025-07-14-a-las-11.56.54\u202fp.m-246x300.png 246w, https:\/\/grupomrl.com.mx\/2025\/wp-content\/uploads\/2025\/07\/Captura-de-pantalla-2025-07-14-a-las-11.56.54\u202fp.m-768x936.png 768w, https:\/\/grupomrl.com.mx\/2025\/wp-content\/uploads\/2025\/07\/Captura-de-pantalla-2025-07-14-a-las-11.56.54\u202fp.m.png 968w\" sizes=\"(max-width: 840px) 100vw, 840px\" \/>\t\t\t\t\t\t\t\t<\/a>\n\t\t\t\t\t\t\t\t\t\t\t\t\t\t\t<\/div>\n\t\t\t\t<\/div>\n\t\t\t\t\t<\/div>\n\t\t\t\t<\/div>\n\t\t<div class=\"elementor-element elementor-element-4f7d933 e-con-full e-flex e-con e-parent\" data-id=\"4f7d933\" data-element_type=\"container\" data-settings=\"{&quot;background_background&quot;:&quot;classic&quot;}\">\n\t\t\t\t<div class=\"elementor-element elementor-element-3a43176 elementor-widget-mobile__width-inherit elementor-widget__width-inherit elementor-widget elementor-widget-image\" data-id=\"3a43176\" data-element_type=\"widget\" data-widget_type=\"image.default\">\n\t\t\t\t<div class=\"elementor-widget-container\">\n\t\t\t\t\t\t\t\t\t\t\t\t\t\t\t\t<a href=\"https:\/\/www.instagram.com\/habanero.mrl\/\">\n\t\t\t\t\t\t\t<img loading=\"lazy\" decoding=\"async\" width=\"2560\" height=\"311\" src=\"https:\/\/grupomrl.com.mx\/2025\/wp-content\/uploads\/2025\/09\/LAnding-habanero-IG-scaled.webp\" class=\"attachment-full size-full wp-image-2978\" alt=\"\" srcset=\"https:\/\/grupomrl.com.mx\/2025\/wp-content\/uploads\/2025\/09\/LAnding-habanero-IG-scaled.webp 2560w, https:\/\/grupomrl.com.mx\/2025\/wp-content\/uploads\/2025\/09\/LAnding-habanero-IG-300x36.webp 300w, https:\/\/grupomrl.com.mx\/2025\/wp-content\/uploads\/2025\/09\/LAnding-habanero-IG-1024x124.webp 1024w, https:\/\/grupomrl.com.mx\/2025\/wp-content\/uploads\/2025\/09\/LAnding-habanero-IG-768x93.webp 768w, https:\/\/grupomrl.com.mx\/2025\/wp-content\/uploads\/2025\/09\/LAnding-habanero-IG-1536x187.webp 1536w, https:\/\/grupomrl.com.mx\/2025\/wp-content\/uploads\/2025\/09\/LAnding-habanero-IG-2048x249.webp 2048w\" sizes=\"(max-width: 2560px) 100vw, 2560px\" \/>\t\t\t\t\t\t\t\t<\/a>\n\t\t\t\t\t\t\t\t\t\t\t\t\t\t\t<\/div>\n\t\t\t\t<\/div>\n\t\t\t\t<\/div>\n\t\t<div class=\"elementor-element elementor-element-4feb61f e-con-full e-flex e-con e-parent\" data-id=\"4feb61f\" data-element_type=\"container\" data-settings=\"{&quot;background_background&quot;:&quot;classic&quot;}\">\n\t\t\t\t<div class=\"elementor-element elementor-element-164c4b0 elementor-widget-mobile__width-inherit elementor-widget__width-inherit elementor-widget elementor-widget-image\" data-id=\"164c4b0\" data-element_type=\"widget\" data-widget_type=\"image.default\">\n\t\t\t\t<div class=\"elementor-widget-container\">\n\t\t\t\t\t\t\t\t\t\t\t\t\t\t\t\t<a href=\"https:\/\/www.facebook.com\/Habanero.mrl?locale=es_LA\">\n\t\t\t\t\t\t\t<img loading=\"lazy\" decoding=\"async\" width=\"2560\" height=\"311\" src=\"https:\/\/grupomrl.com.mx\/2025\/wp-content\/uploads\/2025\/09\/Landing-page-FB-scaled.webp\" class=\"attachment-full size-full wp-image-2979\" alt=\"\" srcset=\"https:\/\/grupomrl.com.mx\/2025\/wp-content\/uploads\/2025\/09\/Landing-page-FB-scaled.webp 2560w, https:\/\/grupomrl.com.mx\/2025\/wp-content\/uploads\/2025\/09\/Landing-page-FB-300x36.webp 300w, https:\/\/grupomrl.com.mx\/2025\/wp-content\/uploads\/2025\/09\/Landing-page-FB-1024x124.webp 1024w, https:\/\/grupomrl.com.mx\/2025\/wp-content\/uploads\/2025\/09\/Landing-page-FB-768x93.webp 768w, https:\/\/grupomrl.com.mx\/2025\/wp-content\/uploads\/2025\/09\/Landing-page-FB-1536x187.webp 1536w, https:\/\/grupomrl.com.mx\/2025\/wp-content\/uploads\/2025\/09\/Landing-page-FB-2048x249.webp 2048w\" sizes=\"(max-width: 2560px) 100vw, 2560px\" \/>\t\t\t\t\t\t\t\t<\/a>\n\t\t\t\t\t\t\t\t\t\t\t\t\t\t\t<\/div>\n\t\t\t\t<\/div>\n\t\t\t\t<\/div>\n\t\t<div class=\"elementor-element elementor-element-8d75a44 e-con-full e-flex e-con e-parent\" data-id=\"8d75a44\" data-element_type=\"container\">\n\t\t\t\t<div class=\"elementor-element elementor-element-9eaa09a elementor-invisible elementor-widget elementor-widget-image\" data-id=\"9eaa09a\" data-element_type=\"widget\" data-settings=\"{&quot;_animation&quot;:&quot;fadeInDown&quot;}\" data-widget_type=\"image.default\">\n\t\t\t\t<div class=\"elementor-widget-container\">\n\t\t\t\t\t\t\t\t\t\t\t\t\t\t\t\t<a href=\"https:\/\/grupomrl.com.mx\/2025\/galeria_habanero\/\">\n\t\t\t\t\t\t\t<img loading=\"lazy\" decoding=\"async\" width=\"1707\" height=\"2560\" src=\"https:\/\/grupomrl.com.mx\/2025\/wp-content\/uploads\/2025\/08\/Recurso-23-scaled.webp\" class=\"attachment-full size-full wp-image-2268\" alt=\"\" srcset=\"https:\/\/grupomrl.com.mx\/2025\/wp-content\/uploads\/2025\/08\/Recurso-23-scaled.webp 1707w, https:\/\/grupomrl.com.mx\/2025\/wp-content\/uploads\/2025\/08\/Recurso-23-200x300.webp 200w, https:\/\/grupomrl.com.mx\/2025\/wp-content\/uploads\/2025\/08\/Recurso-23-683x1024.webp 683w, https:\/\/grupomrl.com.mx\/2025\/wp-content\/uploads\/2025\/08\/Recurso-23-768x1152.webp 768w, https:\/\/grupomrl.com.mx\/2025\/wp-content\/uploads\/2025\/08\/Recurso-23-1024x1536.webp 1024w, https:\/\/grupomrl.com.mx\/2025\/wp-content\/uploads\/2025\/08\/Recurso-23-1366x2048.webp 1366w\" sizes=\"(max-width: 1707px) 100vw, 1707px\" \/>\t\t\t\t\t\t\t\t<\/a>\n\t\t\t\t\t\t\t\t\t\t\t\t\t\t\t<\/div>\n\t\t\t\t<\/div>\n\t\t\t\t<\/div>\n\t\t<div class=\"elementor-element elementor-element-092b659 e-con-full e-flex e-con e-parent\" data-id=\"092b659\" data-element_type=\"container\" data-settings=\"{&quot;background_background&quot;:&quot;classic&quot;}\">\n\t\t\t\t<div class=\"elementor-element elementor-element-70ec7a6 elementor-widget elementor-widget-spacer\" data-id=\"70ec7a6\" data-element_type=\"widget\" data-widget_type=\"spacer.default\">\n\t\t\t\t<div class=\"elementor-widget-container\">\n\t\t\t\t\t\t\t<div class=\"elementor-spacer\">\n\t\t\t<div class=\"elementor-spacer-inner\"><\/div>\n\t\t<\/div>\n\t\t\t\t\t\t<\/div>\n\t\t\t\t<\/div>\n\t\t\t\t<\/div>\n\t\t<div class=\"elementor-element elementor-element-694ef0c e-con-full e-flex e-con e-parent\" data-id=\"694ef0c\" data-element_type=\"container\" data-settings=\"{&quot;background_background&quot;:&quot;classic&quot;}\">\n\t\t\t\t<div class=\"elementor-element elementor-element-abda395 elementor-widget-mobile__width-inherit elementor-invisible elementor-widget elementor-widget-image\" data-id=\"abda395\" data-element_type=\"widget\" data-settings=\"{&quot;_animation&quot;:&quot;fadeInUp&quot;}\" data-widget_type=\"image.default\">\n\t\t\t\t<div class=\"elementor-widget-container\">\n\t\t\t\t\t\t\t\t\t\t\t\t\t\t\t<img loading=\"lazy\" decoding=\"async\" width=\"2560\" height=\"1099\" src=\"https:\/\/grupomrl.com.mx\/2025\/wp-content\/uploads\/2025\/08\/Recurso-24-scaled.webp\" class=\"attachment-full size-full wp-image-2269\" alt=\"\" srcset=\"https:\/\/grupomrl.com.mx\/2025\/wp-content\/uploads\/2025\/08\/Recurso-24-scaled.webp 2560w, https:\/\/grupomrl.com.mx\/2025\/wp-content\/uploads\/2025\/08\/Recurso-24-300x129.webp 300w, https:\/\/grupomrl.com.mx\/2025\/wp-content\/uploads\/2025\/08\/Recurso-24-1024x440.webp 1024w, https:\/\/grupomrl.com.mx\/2025\/wp-content\/uploads\/2025\/08\/Recurso-24-768x330.webp 768w, https:\/\/grupomrl.com.mx\/2025\/wp-content\/uploads\/2025\/08\/Recurso-24-1536x659.webp 1536w, https:\/\/grupomrl.com.mx\/2025\/wp-content\/uploads\/2025\/08\/Recurso-24-2048x879.webp 2048w\" sizes=\"(max-width: 2560px) 100vw, 2560px\" \/>\t\t\t\t\t\t\t\t\t\t\t\t\t\t\t<\/div>\n\t\t\t\t<\/div>\n\t\t\t\t<\/div>\n\t\t<div class=\"elementor-element elementor-element-6cdb3dd e-con-full e-flex e-con e-parent\" data-id=\"6cdb3dd\" data-element_type=\"container\" data-settings=\"{&quot;background_background&quot;:&quot;classic&quot;}\">\n\t\t\t\t<div class=\"elementor-element elementor-element-abd2a65 elementor-invisible elementor-widget elementor-widget-image\" data-id=\"abd2a65\" data-element_type=\"widget\" data-settings=\"{&quot;_animation&quot;:&quot;fadeInDown&quot;}\" data-widget_type=\"image.default\">\n\t\t\t\t<div class=\"elementor-widget-container\">\n\t\t\t\t\t\t\t\t\t\t\t\t\t\t\t<img loading=\"lazy\" decoding=\"async\" width=\"1024\" height=\"500\" src=\"https:\/\/grupomrl.com.mx\/2025\/wp-content\/uploads\/2025\/08\/Recurso-20-1-1024x500.webp\" class=\"attachment-large size-large wp-image-2273\" alt=\"\" srcset=\"https:\/\/grupomrl.com.mx\/2025\/wp-content\/uploads\/2025\/08\/Recurso-20-1-1024x500.webp 1024w, https:\/\/grupomrl.com.mx\/2025\/wp-content\/uploads\/2025\/08\/Recurso-20-1-300x147.webp 300w, https:\/\/grupomrl.com.mx\/2025\/wp-content\/uploads\/2025\/08\/Recurso-20-1-768x375.webp 768w, https:\/\/grupomrl.com.mx\/2025\/wp-content\/uploads\/2025\/08\/Recurso-20-1-1536x751.webp 1536w, https:\/\/grupomrl.com.mx\/2025\/wp-content\/uploads\/2025\/08\/Recurso-20-1-2048x1001.webp 2048w\" sizes=\"(max-width: 1024px) 100vw, 1024px\" \/>\t\t\t\t\t\t\t\t\t\t\t\t\t\t\t<\/div>\n\t\t\t\t<\/div>\n\t\t\t\t<\/div>\n\t\t<div class=\"elementor-element elementor-element-1ba8a4d e-flex e-con-boxed e-con e-parent\" data-id=\"1ba8a4d\" data-element_type=\"container\" data-settings=\"{&quot;background_background&quot;:&quot;classic&quot;}\">\n\t\t\t\t\t<div class=\"e-con-inner\">\n\t\t\t\t<div class=\"elementor-element elementor-element-d8775f3 elementor-widget elementor-widget-google_maps\" data-id=\"d8775f3\" data-element_type=\"widget\" data-widget_type=\"google_maps.default\">\n\t\t\t\t<div class=\"elementor-widget-container\">\n\t\t\t\t\t\t\t<div class=\"elementor-custom-embed\">\n\t\t\t<iframe loading=\"lazy\"\n\t\t\t\t\tsrc=\"https:\/\/maps.google.com\/maps?q=Gastron%C3%B3mico%20de%20Plaza%20las%20Am%C3%A9ricas%2C%20Calle%20Venezuela%20574%2C%20Las%20Am%C3%A9ricas%2C%2058270%20Morelia%2C%20Mich.&#038;t=m&#038;z=16&#038;output=embed&#038;iwloc=near\"\n\t\t\t\t\ttitle=\"Gastron\u00f3mico de Plaza las Am\u00e9ricas, Calle Venezuela 574, Las Am\u00e9ricas, 58270 Morelia, Mich.\"\n\t\t\t\t\taria-label=\"Gastron\u00f3mico de Plaza las Am\u00e9ricas, Calle Venezuela 574, Las Am\u00e9ricas, 58270 Morelia, Mich.\"\n\t\t\t><\/iframe>\n\t\t<\/div>\n\t\t\t\t\t\t<\/div>\n\t\t\t\t<\/div>\n\t\t\t\t\t<\/div>\n\t\t\t\t<\/div>\n\t\t<div class=\"elementor-element elementor-element-ddbb80a e-con-full e-flex e-con e-parent\" data-id=\"ddbb80a\" data-element_type=\"container\" data-settings=\"{&quot;background_background&quot;:&quot;classic&quot;}\">\n\t\t\t\t<div class=\"elementor-element elementor-element-e443e8f elementor-widget elementor-widget-spacer\" data-id=\"e443e8f\" data-element_type=\"widget\" data-widget_type=\"spacer.default\">\n\t\t\t\t<div class=\"elementor-widget-container\">\n\t\t\t\t\t\t\t<div class=\"elementor-spacer\">\n\t\t\t<div class=\"elementor-spacer-inner\"><\/div>\n\t\t<\/div>\n\t\t\t\t\t\t<\/div>\n\t\t\t\t<\/div>\n\t\t\t\t<\/div>\n\t\t\t\t<\/div>\n\t\t","protected":false},"excerpt":{"rendered":"","protected":false},"author":1,"featured_media":0,"parent":0,"menu_order":0,"comment_status":"closed","ping_status":"closed","template":"elementor_header_footer","meta":{"site-sidebar-layout":"no-sidebar","site-content-layout":"","ast-site-content-layout":"full-width-container","site-content-style":"default","site-sidebar-style":"default","ast-global-header-display":"","ast-banner-title-visibility":"","ast-main-header-display":"","ast-hfb-above-header-display":"","ast-hfb-below-header-display":"","ast-hfb-mobile-header-display":"","site-post-title":"disabled","ast-breadcrumbs-content":"","ast-featured-img":"","footer-sml-layout":"","theme-transparent-header-meta":"default","adv-header-id-meta":"","stick-header-meta":"","header-above-stick-meta":"","header-main-stick-meta":"","header-below-stick-meta":"","astra-migrate-meta-layouts":"set","ast-page-background-enabled":"default","ast-page-background-meta":{"desktop":{"background-color":"var(--ast-global-color-5)","background-image":"","background-repeat":"repeat","background-position":"center center","background-size":"auto","background-attachment":"scroll","background-type":"","background-media":"","overlay-type":"","overlay-color":"","overlay-opacity":"","overlay-gradient":""},"tablet":{"background-color":"","background-image":"","background-repeat":"repeat","background-position":"center center","background-size":"auto","background-attachment":"scroll","background-type":"","background-media":"","overlay-type":"","overlay-color":"","overlay-opacity":"","overlay-gradient":""},"mobile":{"background-color":"","background-image":"","background-repeat":"repeat","background-position":"center center","background-size":"auto","background-attachment":"scroll","background-type":"","background-media":"","overlay-type":"","overlay-color":"","overlay-opacity":"","overlay-gradient":""}},"ast-content-background-meta":{"desktop":{"background-color":"var(--ast-global-color-4)","background-image":"","background-repeat":"repeat","background-position":"center center","background-size":"auto","background-attachment":"scroll","background-type":"","background-media":"","overlay-type":"","overlay-color":"","overlay-opacity":"","overlay-gradient":""},"tablet":{"background-color":"var(--ast-global-color-4)","background-image":"","background-repeat":"repeat","background-position":"center center","background-size":"auto","background-attachment":"scroll","background-type":"","background-media":"","overlay-type":"","overlay-color":"","overlay-opacity":"","overlay-gradient":""},"mobile":{"background-color":"var(--ast-global-color-4)","background-image":"","background-repeat":"repeat","background-position":"center center","background-size":"auto","background-attachment":"scroll","background-type":"","background-media":"","overlay-type":"","overlay-color":"","overlay-opacity":"","overlay-gradient":""}},"footnotes":""},"folder":[15],"class_list":["post-787","page","type-page","status-publish","hentry"],"_links":{"self":[{"href":"https:\/\/grupomrl.com.mx\/2025\/wp-json\/wp\/v2\/pages\/787","targetHints":{"allow":["GET"]}}],"collection":[{"href":"https:\/\/grupomrl.com.mx\/2025\/wp-json\/wp\/v2\/pages"}],"about":[{"href":"https:\/\/grupomrl.com.mx\/2025\/wp-json\/wp\/v2\/types\/page"}],"author":[{"embeddable":true,"href":"https:\/\/grupomrl.com.mx\/2025\/wp-json\/wp\/v2\/users\/1"}],"replies":[{"embeddable":true,"href":"https:\/\/grupomrl.com.mx\/2025\/wp-json\/wp\/v2\/comments?post=787"}],"version-history":[{"count":122,"href":"https:\/\/grupomrl.com.mx\/2025\/wp-json\/wp\/v2\/pages\/787\/revisions"}],"predecessor-version":[{"id":3842,"href":"https:\/\/grupomrl.com.mx\/2025\/wp-json\/wp\/v2\/pages\/787\/revisions\/3842"}],"wp:attachment":[{"href":"https:\/\/grupomrl.com.mx\/2025\/wp-json\/wp\/v2\/media?parent=787"}],"wp:term":[{"taxonomy":"folder","embeddable":true,"href":"https:\/\/grupomrl.com.mx\/2025\/wp-json\/wp\/v2\/folder?post=787"}],"curies":[{"name":"wp","href":"https:\/\/api.w.org\/{rel}","templated":true}]}}